{"id":3339,"date":"2018-10-22T13:24:53","date_gmt":"2018-10-22T11:24:53","guid":{"rendered":"http:\/\/dato.mattiasstiller.de\/?page_id=3339"},"modified":"2022-09-02T12:47:06","modified_gmt":"2022-09-02T10:47:06","slug":"about-me","status":"publish","type":"page","link":"https:\/\/www.englischer-sprecher.de\/en\/about-me\/","title":{"rendered":"About me"},"content":{"rendered":"<div class=\"wpb-content-wrapper\"><p>[vc_row css_animation=&#8221;&#8221; row_type=&#8221;row&#8221; use_row_as_full_screen_section=&#8221;no&#8221; type=&#8221;grid&#8221; angled_section=&#8221;no&#8221; text_align=&#8221;center&#8221; background_image_as_pattern=&#8221;without_pattern&#8221; z_index=&#8221;&#8221; css=&#8221;.vc_custom_1541594514337{padding-top: 60px !important;padding-bottom: 60px !important;}&#8221; el_class=&#8221;shadowhochhoch&#8221;][vc_column][vc_row_inner row_type=&#8221;row&#8221; type=&#8221;full_width&#8221; text_align=&#8221;left&#8221; css_animation=&#8221;&#8221;][vc_column_inner width=&#8221;1\/3&#8243;][vc_single_image image=&#8221;3686&#8243; img_size=&#8221;full&#8221; qode_css_animation=&#8221;&#8221;][\/vc_column_inner][vc_column_inner width=&#8221;2\/3&#8243;][vc_column_text]<\/p>\n<h2>\u00dcber mich<\/h2>\n<p>[\/vc_column_text][vc_empty_space height=&#8221;15&#8243;][vc_column_text]Suchen Sie eine herausragende Stimme, die Ihr Produkt, Ihre Marke oder Ihr Projekt auf der internationalen B\u00fchne angemessen pr\u00e4sentiert? Willkommen auf meiner Seite.<\/p>\n<p>Jede Geschichte besteht aus Emotionen und Gedanken. Mit einem gelungenen Voiceover platzieren Sie Ihre Botschaft direkt in die K\u00f6pfe ihrer Kunden.<\/p>\n<p>Ich habe eine kultivierte und \u00fcberzeugende Stimme, die Klarheit und Ernsthaftigkeit vermittelt. Dank meiner starken stimmlichen Pr\u00e4senz wirke ich vertrauensw\u00fcrdig, inspirierend und beruhigend.<\/p>\n<p>Ich spreche ein angenehmes, neutrales British English (als RP \u2013 oder \u201eReceived Pronunciation\u201c bekannt). Das hei\u00dft so viel wie \u201eStandard English\u201c: weder aristokratisch noch gef\u00e4rbt von einem regionalen Akzent. Mein Stimmalter liegt zwischen Mitte drei\u00dfig und Ende vierzig. Ich bin aber auch sehr wandlungsf\u00e4hig und spreche gerne Charakter-Rollen in verschiedensten Stimmen \u2013 j\u00fcnger, \u00e4lter, von unterschiedlichen L\u00e4ndern und Regionen \u2013 und in allen m\u00f6glichen Stilen: skurril, s\u00fcffisant, ironisch, fl\u00fcsternd, fr\u00f6hlich, freundlich, episch, w\u00fctend\u2026. genau wie Sie es m\u00f6chten und wie das Skript und der Film es verlangen.<\/p>\n<p>Weil ich eine sehr klare und verst\u00e4ndliche Stimme habe, werde ich sehr oft f\u00fcr die Vertonung von Imagefilmen, Erkl\u00e4rfilmen, Audioguides und Tutorials gebucht.<\/p>\n<p>Sie finden viele meiner Referenzen auf der Homepage und auf den Seiten \u201eVideo\u201c und \u201eAudio\u201c.<\/p>\n<p>Ich stamme aus Ostengland und lebe seit 2000 in Deutschland. Seit 2008 arbeite ich als Sprecher \u2013 urspr\u00fcnglich f\u00fcr Beitr\u00e4ge und Erkl\u00e4rfilme, danach aber zunehmend f\u00fcr Werbung, Imagefilme, eLearning und H\u00f6rspiele. Meine Wohnsitze sind Hamburg und Berlin.<\/p>\n<p>\u00dcber die Jahre habe ich \u00fcber zweitausend Aufnahmen realisiert f\u00fcr alle Arten von Kunden \u2013 Kampagnen f\u00fcr gro\u00dfe Marken, Imagefilme f\u00fcr mittelst\u00e4ndische und Kleinunternehmen bis hin zu \u00f6ffentlichen Einrichtungen wie die EU. Dokumentarfilme, Museumsf\u00fchrungen und H\u00f6rspielen sind drei weitere Bereiche, in denen ich oft und gerne arbeite. Nicht zuletzt mache ich auch die Live-Ansprache (Off) bei Veranstaltungen.[\/vc_column_text][vc_empty_space height=&#8221;40&#8243;][vc_column_text]<\/p>\n<h2>Ablauf<\/h2>\n<p>[\/vc_column_text][vc_empty_space height=&#8221;15&#8243;][vc_column_text]Um ein unverbindliches Preisangebot zu erhalten, schicken Sie mir bitte eine Nachricht und f\u00fcgen Sie Ihr Skript ein, verbunden mit ein paar Angaben zum Projekt. Wenn es sich um die Vertonung eines Filmes handelt, schicken Sie mir am besten auch das Video. So kann ich mir einen Eindruck von Ihrem Projekt verschaffen \u2013 und bei der Aufnahme gew\u00e4hrleisten, dass meine Sprache genau zu Ihrem Film passt.<\/p>\n<p>Ich arbeite zusammen mit professionellen, zuverl\u00e4ssigen, jedoch preiswerten Studios und Tontechnikern in meiner N\u00e4he. Damit kann ich Ihnen ein Ergebnis liefern, dass den hohen Standards der Branche entspricht. F\u00fcr kleinere Produktionen verf\u00fcge ich \u00fcber mein eigenes Home-Studio.<\/p>\n<p>Die meisten Produktionen k\u00f6nnen sehr schnell &#8211; sogar innerhalb von 24 bis 48 Stunden &#8211; realisiert werden.<\/p>\n<p>Es ist f\u00fcr Sie immer m\u00f6glich, der Aufnahme-Session per Skype oder Telefon zuzuh\u00f6ren. Damit k\u00f6nnen auch Regie f\u00fchren und in Echtzeit ein Feedback geben. Selbstverst\u00e4ndlich ber\u00fccksichtige ich alle Ihre Anforderungen an Stil und Tempo. Ich kann aber auch in Eigenregie arbeiten und Sie k\u00f6nnen mir ganz vertrauen, dass die Aufnahme in dem zu Ihnen passenden Stil und Tonfall stattfindet. Meist biete ich zwei oder drei Varianten an, damit Sie selber entscheiden k\u00f6nnen, was besser passt.<\/p>\n<p>Am Ende bekommen Sie die finalen Aufnahmen \u2013 ges\u00e4ubert, geschnitten und bearbeitet \u2013 als Download-Link (.wav, .aif oder .mp3., je nach Absprache). Falls Sie mir ein Video geschickt haben, bekommen Sie eine Tondatei, die perfekt zu Ihrem Bild passt.[\/vc_column_text][vc_empty_space height=&#8221;40&#8243;][vc_column_text]<\/p>\n<h2>Kosten<\/h2>\n<p>[\/vc_column_text][vc_empty_space height=&#8221;15&#8243;][vc_column_text]Die Kosten, werden von zwei Faktoren bestimmt: der L\u00e4nge des Films oder des Skriptes und wie das finale Video oder Audio eingesetzt (verwertet) wird. Grundlage ist die Preisliste des VDS (Verband Deutscher Sprecher), auch bekannt als GDS-Preisliste oder Hamburger Liste. Fragen Sie mich an, und ich werde Ihnen sofort einen Preis nennen &#8211; f\u00fcr die Sprachaufnahme, die Nutzung (falls keine reininterne Nutzung) und die Produktion bzw. Postproduktion.[\/vc_column_text][vc_empty_space height=&#8221;40&#8243;][vc_column_text]<\/p>\n<h2>\u00dcbersetzungen<\/h2>\n<p>[\/vc_column_text][vc_empty_space height=&#8221;15&#8243;][vc_column_text]Liegt Ihr Text nur in der deutschen Sprache vor? Gerne kann ich \u2013 je nach Umfang, Zeitdruck und Thema \u2013 das Skript f\u00fcr Sie ins Englische \u00fcbersetzen, oder &#8211; wenn eine \u00dcbersetzung schon vorliegt &#8211; Ihrem Sprechertext den letzten Schliff geben. Meine Spezialit\u00e4t ist die Erstellung von Videoskripten \u2013 insbesondere im kulturellen und politischen Bereich, aber gerne arbeite ich auch an Produkt- und Industriefilme.[\/vc_column_text][\/vc_column_inner][\/vc_row_inner][\/vc_column][\/vc_row][vc_row css_animation=&#8221;&#8221; row_type=&#8221;row&#8221; use_row_as_full_screen_section=&#8221;no&#8221; type=&#8221;grid&#8221; angled_section=&#8221;no&#8221; text_align=&#8221;center&#8221; background_image_as_pattern=&#8221;without_pattern&#8221; anchor=&#8221;kontakt&#8221; z_index=&#8221;&#8221; css=&#8221;.vc_custom_1541593471249{padding-top: 60px !important;padding-bottom: 60px !important;}&#8221;][vc_column][vc_column_text]<\/p>\n<h2 style=\"text-align: center;\">Get in touch<\/h2>\n<p>[\/vc_column_text][vc_empty_space height=&#8221;15&#8243;][vc_column_text]<\/p>\n<p style=\"text-align: center;\">Customers enjoy working with me because I&#8217;m experienced, uncomplicated, and reliable: delivering high quality recordings on time and without unnecessary stress. Do you want to book me for your project, get a quote or simply find out more? Then please get in touch and I&#8217;ll be happy to answer all your questions.<\/p>\n<p>[\/vc_column_text][vc_row_inner row_type=&#8221;row&#8221; type=&#8221;full_width&#8221; text_align=&#8221;center&#8221; css_animation=&#8221;&#8221; css=&#8221;.vc_custom_1539017038957{padding-top: 40px !important;}&#8221; el_class=&#8221;threeicon&#8221;][vc_column_inner]<span data-type=\"normal\" data-hover-icon-color=\"#b53229\" class=\"qode_icon_shortcode  q_font_awsome_icon fa-lg  \" style=\" \"><a  itemprop=\"url\" href=\"https:\/\/www.englischer-sprecher.de\/en\/contact\/\" target=\"_self\"><i class=\"qode_icon_font_awesome fa fa-envelope qode_icon_element\" style=\"font-size: 70px;color: #b53229;\" ><\/i><\/a><\/span><span data-type=\"normal\" data-hover-icon-color=\"#b53229\" class=\"qode_icon_shortcode  q_font_awsome_icon fa-lg  \" style=\" \"><a  itemprop=\"url\" href=\"https:\/\/www.xing.com\/profile\/Alex_DAttoma\/cv?sc_o=mxb_p\" target=\"_blank\"><i class=\"qode_icon_font_awesome fa fa-xing qode_icon_element\" style=\"font-size: 70px;color: #b53229;\" ><\/i><\/a><\/span><span data-type=\"normal\" data-hover-icon-color=\"#b53229\" class=\"qode_icon_shortcode  q_font_awsome_icon fa-lg  \" style=\" \"><a  itemprop=\"url\" href=\"https:\/\/www.linkedin.com\/in\/alex-d-attoma-78a87516b\" target=\"_blank\"><i class=\"qode_icon_font_awesome fa fa-linkedin qode_icon_element\" style=\"font-size: 70px;color: #b53229;\" ><\/i><\/a><\/span>[\/vc_column_inner][\/vc_row_inner][\/vc_column][\/vc_row]<\/p>\n<\/div>","protected":false},"excerpt":{"rendered":"<p>[vc_row css_animation=&#8221;&#8221; row_type=&#8221;row&#8221; use_row_as_full_screen_section=&#8221;no&#8221; type=&#8221;grid&#8221; angled_section=&#8221;no&#8221; text_align=&#8221;center&#8221; background_image_as_pattern=&#8221;without_pattern&#8221; z_index=&#8221;&#8221; css=&#8221;.vc_custom_1541594514337{padding-top: 60px !important;padding-bottom: 60px !important;}&#8221; el_class=&#8221;shadowhochhoch&#8221;][vc_column][vc_row_inner row_type=&#8221;row&#8221; type=&#8221;full_width&#8221; text_align=&#8221;left&#8221; css_animation=&#8221;&#8221;][vc_column_inner width=&#8221;1\/3&#8243;][vc_single_image image=&#8221;3686&#8243; img_size=&#8221;full&#8221; qode_css_animation=&#8221;&#8221;][\/vc_column_inner][vc_column_inner width=&#8221;2\/3&#8243;][vc_column_text]  \u00dcber mich  [\/vc_column_text][vc_empty_space height=&#8221;15&#8243;][vc_column_text]Suchen Sie eine herausragende Stimme, die Ihr Produkt, Ihre Marke oder Ihr Projekt auf der internationalen B\u00fchne angemessen pr\u00e4sentiert? Willkommen auf meiner Seite.   <\/p>\n","protected":false},"author":1,"featured_media":0,"parent":0,"menu_order":0,"comment_status":"closed","ping_status":"closed","template":"full_width.php","meta":{"footnotes":""},"class_list":["post-3339","page","type-page","status-publish","hentry"],"_links":{"self":[{"href":"https:\/\/www.englischer-sprecher.de\/en\/wp-json\/wp\/v2\/pages\/3339","targetHints":{"allow":["GET"]}}],"collection":[{"href":"https:\/\/www.englischer-sprecher.de\/en\/wp-json\/wp\/v2\/pages"}],"about":[{"href":"https:\/\/www.englischer-sprecher.de\/en\/wp-json\/wp\/v2\/types\/page"}],"author":[{"embeddable":true,"href":"https:\/\/www.englischer-sprecher.de\/en\/wp-json\/wp\/v2\/users\/1"}],"replies":[{"embeddable":true,"href":"https:\/\/www.englischer-sprecher.de\/en\/wp-json\/wp\/v2\/comments?post=3339"}],"version-history":[{"count":1,"href":"https:\/\/www.englischer-sprecher.de\/en\/wp-json\/wp\/v2\/pages\/3339\/revisions"}],"predecessor-version":[{"id":4503,"href":"https:\/\/www.englischer-sprecher.de\/en\/wp-json\/wp\/v2\/pages\/3339\/revisions\/4503"}],"wp:attachment":[{"href":"https:\/\/www.englischer-sprecher.de\/en\/wp-json\/wp\/v2\/media?parent=3339"}],"curies":[{"name":"wp","href":"https:\/\/api.w.org\/{rel}","templated":true}]}}